{"id":15,"date":"2023-08-04T03:15:37","date_gmt":"2023-08-04T03:15:37","guid":{"rendered":"http:\/\/www.estybm.com\/?page_id=15"},"modified":"2023-09-25T06:08:13","modified_gmt":"2023-09-25T06:08:13","slug":"products","status":"publish","type":"page","link":"https:\/\/www.estybm.com\/es\/products\/","title":{"rendered":"Productos"},"content":{"rendered":"<div data-elementor-type=\"wp-page\" data-elementor-id=\"15\" class=\"elementor elementor-15\" data-elementor-post-type=\"page\">\n\t\t\t\t\t\t<section class=\"elementor-section elementor-top-section elementor-element elementor-element-ea8a352 elementor-section-full_width elementor-section-height-default elementor-section-height-default\" data-id=\"ea8a352\" data-element_type=\"section\" data-e-type=\"section\">\n\t\t\t\t\t\t<div class=\"elementor-container elementor-column-gap-no\">\n\t\t\t\t\t<div class=\"elementor-column elementor-col-100 elementor-top-column elementor-element elementor-element-5be5aae\" data-id=\"5be5aae\" data-element_type=\"column\" data-e-type=\"column\">\n\t\t\t<div class=\"elementor-widget-wrap elementor-element-populated\">\n\t\t\t\t\t\t<div class=\"elementor-element elementor-element-b6d8cee elementor-widget elementor-widget-image\" data-id=\"b6d8cee\" data-element_type=\"widget\" data-e-type=\"widget\" data-widget_type=\"image.default\">\n\t\t\t\t<div class=\"elementor-widget-container\">\n\t\t\t\t\t\t\t\t\t\t\t\t\t\t\t<img fetchpriority=\"high\" decoding=\"async\" width=\"1200\" height=\"300\" src=\"https:\/\/www.estybm.com\/wp-content\/uploads\/2023\/08\/label.jpg\" class=\"attachment-full size-full wp-image-765\" alt=\"\" srcset=\"https:\/\/www.estybm.com\/wp-content\/uploads\/2023\/08\/label.jpg 1200w, https:\/\/www.estybm.com\/wp-content\/uploads\/2023\/08\/label-300x75.jpg 300w, https:\/\/www.estybm.com\/wp-content\/uploads\/2023\/08\/label-1024x256.jpg 1024w, https:\/\/www.estybm.com\/wp-content\/uploads\/2023\/08\/label-768x192.jpg 768w\" sizes=\"(max-width: 1200px) 100vw, 1200px\" \/>\t\t\t\t\t\t\t\t\t\t\t\t\t\t\t<\/div>\n\t\t\t\t<\/div>\n\t\t\t\t\t<\/div>\n\t\t<\/div>\n\t\t\t\t\t<\/div>\n\t\t<\/section>\n\t\t\t\t<section class=\"elementor-section elementor-top-section elementor-element elementor-element-8310834 elementor-section-boxed elementor-section-height-default elementor-section-height-default\" data-id=\"8310834\" data-element_type=\"section\" data-e-type=\"section\">\n\t\t\t\t\t\t<div class=\"elementor-container elementor-column-gap-default\">\n\t\t\t\t\t<div class=\"elementor-column elementor-col-100 elementor-top-column elementor-element elementor-element-2d587ba\" data-id=\"2d587ba\" data-element_type=\"column\" data-e-type=\"column\">\n\t\t\t<div class=\"elementor-widget-wrap elementor-element-populated\">\n\t\t\t\t\t\t<div class=\"elementor-element elementor-element-9868670 elementor-icon-list--layout-inline elementor-list-item-link-full_width elementor-widget elementor-widget-icon-list\" data-id=\"9868670\" data-element_type=\"widget\" data-e-type=\"widget\" data-widget_type=\"icon-list.default\">\n\t\t\t\t<div class=\"elementor-widget-container\">\n\t\t\t\t\t\t\t<ul class=\"elementor-icon-list-items elementor-inline-items\">\n\t\t\t\t\t\t\t<li class=\"elementor-icon-list-item elementor-inline-item\">\n\t\t\t\t\t\t\t\t\t\t<span class=\"elementor-icon-list-text\">Inicio<\/span>\n\t\t\t\t\t\t\t\t\t<\/li>\n\t\t\t\t\t\t\t\t<li class=\"elementor-icon-list-item elementor-inline-item\">\n\t\t\t\t\t\t\t\t\t\t<span class=\"elementor-icon-list-text\"><\/span>\n\t\t\t\t\t\t\t\t\t<\/li>\n\t\t\t\t\t\t<\/ul>\n\t\t\t\t\t\t<\/div>\n\t\t\t\t<\/div>\n\t\t\t\t\t<\/div>\n\t\t<\/div>\n\t\t\t\t\t<\/div>\n\t\t<\/section>\n\t\t\t\t<section class=\"elementor-section elementor-top-section elementor-element elementor-element-d4872eb elementor-section-boxed elementor-section-height-default elementor-section-height-default\" data-id=\"d4872eb\" data-element_type=\"section\" data-e-type=\"section\">\n\t\t\t\t\t\t<div class=\"elementor-container elementor-column-gap-default\">\n\t\t\t\t\t<div class=\"elementor-column elementor-col-100 elementor-top-column elementor-element elementor-element-cdcb743\" data-id=\"cdcb743\" data-element_type=\"column\" data-e-type=\"column\">\n\t\t\t<div class=\"elementor-widget-wrap elementor-element-populated\">\n\t\t\t\t\t\t<div class=\"elementor-element elementor-element-4cc5ddf elementor-nav-menu__align-left elementor-nav-menu--dropdown-none elementor-widget elementor-widget-nav-menu\" data-id=\"4cc5ddf\" data-element_type=\"widget\" data-e-type=\"widget\" data-settings=\"{&quot;layout&quot;:&quot;horizontal&quot;,&quot;submenu_icon&quot;:{&quot;value&quot;:&quot;&lt;i class=\\&quot;fas fa-caret-down\\&quot;&gt;&lt;\\\/i&gt;&quot;,&quot;library&quot;:&quot;fa-solid&quot;}}\" data-widget_type=\"nav-menu.default\">\n\t\t\t\t<div class=\"elementor-widget-container\">\n\t\t\t\t\t\t\t\t<nav class=\"elementor-nav-menu--main elementor-nav-menu__container elementor-nav-menu--layout-horizontal e--pointer-background e--animation-fade\">\n\t\t\t\t<ul id=\"menu-1-4cc5ddf\" class=\"elementor-nav-menu\"><li class=\"menu-item menu-item-type-post_type menu-item-object-page menu-item-213\"><a href=\"https:\/\/www.estybm.com\/es\/anti-static-vinyl-flooring\/\" class=\"elementor-item\">Suelos de vinilo antiest\u00e1ticos<\/a><\/li>\n<li class=\"menu-item menu-item-type-post_type menu-item-object-page menu-item-214\"><a href=\"https:\/\/www.estybm.com\/es\/homogeneous-flooring\/\" class=\"elementor-item\">Suelos homog\u00e9neos<\/a><\/li>\n<li class=\"menu-item menu-item-type-post_type menu-item-object-page menu-item-216\"><a href=\"https:\/\/www.estybm.com\/es\/3d-print-luxury-vinyl-tile\/\" class=\"elementor-item\">Impresi\u00f3n 3D Baldosas de vinilo de lujo<\/a><\/li>\n<li class=\"menu-item menu-item-type-post_type menu-item-object-page menu-item-215\"><a href=\"https:\/\/www.estybm.com\/es\/lvt-lvp-flooring\/\" class=\"elementor-item\">Suelos LVT\/LVP<\/a><\/li>\n<li class=\"menu-item menu-item-type-post_type menu-item-object-page menu-item-217\"><a href=\"https:\/\/www.estybm.com\/es\/rigid-core-spc-flooring\/\" class=\"elementor-item\">Pavimento SPC de n\u00facleo r\u00edgido<\/a><\/li>\n<\/ul>\t\t\t<\/nav>\n\t\t\t\t\t\t<nav class=\"elementor-nav-menu--dropdown elementor-nav-menu__container\" aria-hidden=\"true\">\n\t\t\t\t<ul id=\"menu-2-4cc5ddf\" class=\"elementor-nav-menu\"><li class=\"menu-item menu-item-type-post_type menu-item-object-page menu-item-213\"><a href=\"https:\/\/www.estybm.com\/es\/anti-static-vinyl-flooring\/\" class=\"elementor-item\" tabindex=\"-1\">Suelos de vinilo antiest\u00e1ticos<\/a><\/li>\n<li class=\"menu-item menu-item-type-post_type menu-item-object-page menu-item-214\"><a href=\"https:\/\/www.estybm.com\/es\/homogeneous-flooring\/\" class=\"elementor-item\" tabindex=\"-1\">Suelos homog\u00e9neos<\/a><\/li>\n<li class=\"menu-item menu-item-type-post_type menu-item-object-page menu-item-216\"><a href=\"https:\/\/www.estybm.com\/es\/3d-print-luxury-vinyl-tile\/\" class=\"elementor-item\" tabindex=\"-1\">Impresi\u00f3n 3D Baldosas de vinilo de lujo<\/a><\/li>\n<li class=\"menu-item menu-item-type-post_type menu-item-object-page menu-item-215\"><a href=\"https:\/\/www.estybm.com\/es\/lvt-lvp-flooring\/\" class=\"elementor-item\" tabindex=\"-1\">Suelos LVT\/LVP<\/a><\/li>\n<li class=\"menu-item menu-item-type-post_type menu-item-object-page menu-item-217\"><a href=\"https:\/\/www.estybm.com\/es\/rigid-core-spc-flooring\/\" class=\"elementor-item\" tabindex=\"-1\">Pavimento SPC de n\u00facleo r\u00edgido<\/a><\/li>\n<\/ul>\t\t\t<\/nav>\n\t\t\t\t\t\t<\/div>\n\t\t\t\t<\/div>\n\t\t\t\t\t<\/div>\n\t\t<\/div>\n\t\t\t\t\t<\/div>\n\t\t<\/section>\n\t\t\t\t<section class=\"elementor-section elementor-top-section elementor-element elementor-element-1ab1045 elementor-section-boxed elementor-section-height-default elementor-section-height-default\" data-id=\"1ab1045\" data-element_type=\"section\" data-e-type=\"section\">\n\t\t\t\t\t\t<div class=\"elementor-container elementor-column-gap-default\">\n\t\t\t\t\t<div class=\"elementor-column elementor-col-100 elementor-top-column elementor-element elementor-element-b7ee3fe\" data-id=\"b7ee3fe\" data-element_type=\"column\" data-e-type=\"column\">\n\t\t\t<div class=\"elementor-widget-wrap elementor-element-populated\">\n\t\t\t\t\t\t<div class=\"elementor-element elementor-element-dc2c5a9 elementor-widget elementor-widget-image\" data-id=\"dc2c5a9\" data-element_type=\"widget\" data-e-type=\"widget\" data-widget_type=\"image.default\">\n\t\t\t\t<div class=\"elementor-widget-container\">\n\t\t\t\t\t\t\t\t\t\t\t\t\t\t\t<img decoding=\"async\" width=\"1440\" height=\"1080\" src=\"https:\/\/www.estybm.com\/wp-content\/uploads\/2023\/08\/f74c269192b0c2d489243f129fc99c6.jpg\" class=\"attachment-full size-full wp-image-763\" alt=\"\" srcset=\"https:\/\/www.estybm.com\/wp-content\/uploads\/2023\/08\/f74c269192b0c2d489243f129fc99c6.jpg 1440w, https:\/\/www.estybm.com\/wp-content\/uploads\/2023\/08\/f74c269192b0c2d489243f129fc99c6-300x225.jpg 300w, https:\/\/www.estybm.com\/wp-content\/uploads\/2023\/08\/f74c269192b0c2d489243f129fc99c6-1024x768.jpg 1024w, https:\/\/www.estybm.com\/wp-content\/uploads\/2023\/08\/f74c269192b0c2d489243f129fc99c6-768x576.jpg 768w\" sizes=\"(max-width: 1440px) 100vw, 1440px\" \/>\t\t\t\t\t\t\t\t\t\t\t\t\t\t\t<\/div>\n\t\t\t\t<\/div>\n\t\t\t\t<div class=\"elementor-element elementor-element-6598858 elementor-widget elementor-widget-text-editor\" data-id=\"6598858\" data-element_type=\"widget\" data-e-type=\"widget\" data-widget_type=\"text-editor.default\">\n\t\t\t\t<div class=\"elementor-widget-container\">\n\t\t\t\t\t\t\t\t\t<div class=\"pro1-box1\"><p><span style=\"color: var( --e-global-color-text ); font-family: var( --e-global-typography-text-font-family ), Sans-serif; font-weight: var( --e-global-typography-text-font-weight ); font-size: 1rem;\">\u00a0<\/span><\/p><p><span style=\"color: var( --e-global-color-text ); font-family: var( --e-global-typography-text-font-family ), Sans-serif; font-weight: var( --e-global-typography-text-font-weight ); font-size: 1rem;\">Baldosas de vinilo antiest\u00e1ticas Las normas sobre suelos se basan en la combinaci\u00f3n de suelos y calzado ESD. Algunos suelos ESD, aunque no todos, tambi\u00e9n limitan la creaci\u00f3n de cargas o la acumulaci\u00f3n de electricidad est\u00e1tica al caminar. En consecuencia, es crucial determinar el tipo de calzado que llevar\u00e1n las personas en la zona.<\/span><\/p><\/div><div class=\"pro1-box3\"><div class=\"page-item\">\u00a0<\/div><\/div>\t\t\t\t\t\t\t\t<\/div>\n\t\t\t\t<\/div>\n\t\t\t\t\t<\/div>\n\t\t<\/div>\n\t\t\t\t\t<\/div>\n\t\t<\/section>\n\t\t\t\t<section class=\"elementor-section elementor-top-section elementor-element elementor-element-f8da26b elementor-section-boxed elementor-section-height-default elementor-section-height-default\" data-id=\"f8da26b\" data-element_type=\"section\" data-e-type=\"section\">\n\t\t\t\t\t\t<div class=\"elementor-container elementor-column-gap-default\">\n\t\t\t\t\t<div class=\"elementor-column elementor-col-100 elementor-top-column elementor-element elementor-element-d95029c\" data-id=\"d95029c\" data-element_type=\"column\" data-e-type=\"column\">\n\t\t\t<div class=\"elementor-widget-wrap elementor-element-populated\">\n\t\t\t\t\t\t<div class=\"elementor-element elementor-element-9828a3c elementor-widget elementor-widget-image\" data-id=\"9828a3c\" data-element_type=\"widget\" data-e-type=\"widget\" data-widget_type=\"image.default\">\n\t\t\t\t<div class=\"elementor-widget-container\">\n\t\t\t\t\t\t\t\t\t\t\t\t\t\t\t<img decoding=\"async\" width=\"2168\" height=\"1080\" src=\"https:\/\/www.estybm.com\/wp-content\/uploads\/2023\/08\/0e0cdc9191b3f20df873ed71dcfb680.jpg\" class=\"attachment-full size-full wp-image-468\" alt=\"\" srcset=\"https:\/\/www.estybm.com\/wp-content\/uploads\/2023\/08\/0e0cdc9191b3f20df873ed71dcfb680.jpg 2168w, https:\/\/www.estybm.com\/wp-content\/uploads\/2023\/08\/0e0cdc9191b3f20df873ed71dcfb680-300x149.jpg 300w, https:\/\/www.estybm.com\/wp-content\/uploads\/2023\/08\/0e0cdc9191b3f20df873ed71dcfb680-1024x510.jpg 1024w, https:\/\/www.estybm.com\/wp-content\/uploads\/2023\/08\/0e0cdc9191b3f20df873ed71dcfb680-768x383.jpg 768w, https:\/\/www.estybm.com\/wp-content\/uploads\/2023\/08\/0e0cdc9191b3f20df873ed71dcfb680-1536x765.jpg 1536w, https:\/\/www.estybm.com\/wp-content\/uploads\/2023\/08\/0e0cdc9191b3f20df873ed71dcfb680-2048x1020.jpg 2048w\" sizes=\"(max-width: 2168px) 100vw, 2168px\" \/>\t\t\t\t\t\t\t\t\t\t\t\t\t\t\t<\/div>\n\t\t\t\t<\/div>\n\t\t\t\t<div class=\"elementor-element elementor-element-a055e05 elementor-widget elementor-widget-text-editor\" data-id=\"a055e05\" data-element_type=\"widget\" data-e-type=\"widget\" data-widget_type=\"text-editor.default\">\n\t\t\t\t<div class=\"elementor-widget-container\">\n\t\t\t\t\t\t\t\t\t<div class=\"pro1-box1\"><p><span style=\"color: var( --e-global-color-text ); font-family: var( --e-global-typography-text-font-family ), Sans-serif; font-weight: var( --e-global-typography-text-font-weight ); font-size: 1rem;\">\u00a0<\/span><\/p><p><span style=\"color: var( --e-global-color-text ); font-family: var( --e-global-typography-text-font-family ), Sans-serif; font-weight: var( --e-global-typography-text-font-weight ); font-size: 1rem;\">Homogeneous vinyl sheet Flooring windly used in Hoppital ,Stock over 600,000sqare Meter\u00a0<\/span><\/p><\/div><div class=\"pro1-box3\"><div class=\"page-item\">\u00a0<\/div><\/div>\t\t\t\t\t\t\t\t<\/div>\n\t\t\t\t<\/div>\n\t\t\t\t<div class=\"elementor-element elementor-element-407d715 elementor-widget elementor-widget-image\" data-id=\"407d715\" data-element_type=\"widget\" data-e-type=\"widget\" data-widget_type=\"image.default\">\n\t\t\t\t<div class=\"elementor-widget-container\">\n\t\t\t\t\t\t\t\t\t\t\t\t\t\t\t<img loading=\"lazy\" decoding=\"async\" width=\"1400\" height=\"933\" src=\"https:\/\/www.estybm.com\/wp-content\/uploads\/2023\/08\/f7793c274d81d4cbd3128edd6c8a43f.jpg\" class=\"attachment-full size-full wp-image-469\" alt=\"\" srcset=\"https:\/\/www.estybm.com\/wp-content\/uploads\/2023\/08\/f7793c274d81d4cbd3128edd6c8a43f.jpg 1400w, https:\/\/www.estybm.com\/wp-content\/uploads\/2023\/08\/f7793c274d81d4cbd3128edd6c8a43f-300x200.jpg 300w, https:\/\/www.estybm.com\/wp-content\/uploads\/2023\/08\/f7793c274d81d4cbd3128edd6c8a43f-1024x682.jpg 1024w, https:\/\/www.estybm.com\/wp-content\/uploads\/2023\/08\/f7793c274d81d4cbd3128edd6c8a43f-768x512.jpg 768w\" sizes=\"(max-width: 1400px) 100vw, 1400px\" \/>\t\t\t\t\t\t\t\t\t\t\t\t\t\t\t<\/div>\n\t\t\t\t<\/div>\n\t\t\t\t<div class=\"elementor-element elementor-element-e46b96c elementor-widget elementor-widget-text-editor\" data-id=\"e46b96c\" data-element_type=\"widget\" data-e-type=\"widget\" data-widget_type=\"text-editor.default\">\n\t\t\t\t<div class=\"elementor-widget-container\">\n\t\t\t\t\t\t\t\t\t<div class=\"pro1-box1\"><p>El pavimento creativo con tecnolog\u00eda de impresi\u00f3n 3D de lujo es una serie especial creada por ESTY para la creatividad individual: mediante la impresi\u00f3n digital de alta precisi\u00f3n, \u00a1puede realizar casi todos los dise\u00f1os que desee!<\/p><p>La tecnolog\u00eda de impresi\u00f3n digital de desarrollo propio de ESTY proporciona una base ideal para la impresi\u00f3n digital de alta precisi\u00f3n: el dise\u00f1o del patr\u00f3n de alta resoluci\u00f3n se puede restaurar v\u00edvidamente en la pel\u00edcula de impresi\u00f3n de PVC, combinado con su color y textura favoritos, \u00a1Cree su propio dise\u00f1o exclusivo!<\/p><\/div><div class=\"pro1-box3\"><div class=\"page-item\">\u00a0<\/div><\/div>\t\t\t\t\t\t\t\t<\/div>\n\t\t\t\t<\/div>\n\t\t\t\t\t<\/div>\n\t\t<\/div>\n\t\t\t\t\t<\/div>\n\t\t<\/section>\n\t\t\t\t<\/div>","protected":false},"excerpt":{"rendered":"<p>Home Anti-static vinyl tile Flooring standards are based on the combination of ESD flooring and footwear. Some, but not all, ESD flooring also limit charge creation, or static buildup as people walk. As a result, determining the sort of footwear individuals will wear in the area is crucial. Homogeneous vinyl sheet Flooring windly used in [&hellip;]<\/p>\n","protected":false},"author":1,"featured_media":0,"parent":0,"menu_order":0,"comment_status":"closed","ping_status":"closed","template":"","meta":{"footnotes":""},"class_list":["post-15","page","type-page","status-publish","hentry"],"_links":{"self":[{"href":"https:\/\/www.estybm.com\/es\/wp-json\/wp\/v2\/pages\/15","targetHints":{"allow":["GET"]}}],"collection":[{"href":"https:\/\/www.estybm.com\/es\/wp-json\/wp\/v2\/pages"}],"about":[{"href":"https:\/\/www.estybm.com\/es\/wp-json\/wp\/v2\/types\/page"}],"author":[{"embeddable":true,"href":"https:\/\/www.estybm.com\/es\/wp-json\/wp\/v2\/users\/1"}],"replies":[{"embeddable":true,"href":"https:\/\/www.estybm.com\/es\/wp-json\/wp\/v2\/comments?post=15"}],"version-history":[{"count":26,"href":"https:\/\/www.estybm.com\/es\/wp-json\/wp\/v2\/pages\/15\/revisions"}],"predecessor-version":[{"id":990,"href":"https:\/\/www.estybm.com\/es\/wp-json\/wp\/v2\/pages\/15\/revisions\/990"}],"wp:attachment":[{"href":"https:\/\/www.estybm.com\/es\/wp-json\/wp\/v2\/media?parent=15"}],"curies":[{"name":"wp","href":"https:\/\/api.w.org\/{rel}","templated":true}]}}